{"id":582,"date":"2021-03-03T18:20:01","date_gmt":"2021-03-03T15:20:01","guid":{"rendered":"https:\/\/humanrx.ch\/articles\/"},"modified":"2024-08-23T16:58:31","modified_gmt":"2024-08-23T13:58:31","slug":"fachartikel","status":"publish","type":"page","link":"https:\/\/humanrx.ch\/de\/fachartikel\/","title":{"rendered":"Fachartikel"},"content":{"rendered":"","protected":false},"excerpt":{"rendered":"","protected":false},"author":2,"featured_media":0,"parent":0,"menu_order":0,"comment_status":"closed","ping_status":"closed","template":"page-templates\/template-blog.php","meta":{"_acf_changed":false,"_uag_custom_page_level_css":"","advgb_blocks_editor_width":"","advgb_blocks_columns_visual_guide":"","footnotes":""},"class_list":["post-582","page","type-page","status-publish","hentry"],"acf":[],"yoast_head":"<!-- This site is optimized with the Yoast SEO plugin v26.8 - https:\/\/yoast.com\/product\/yoast-seo-wordpress\/ -->\n<title>Fachartikel - HumanRX<\/title>\n<meta name=\"robots\" content=\"index, follow, max-snippet:-1, max-image-preview:large, max-video-preview:-1\" \/>\n<link rel=\"canonical\" href=\"https:\/\/humanrx.ch\/de\/fachartikel\/\" \/>\n<meta property=\"og:locale\" content=\"de_DE\" \/>\n<meta property=\"og:type\" content=\"article\" \/>\n<meta property=\"og:title\" content=\"Fachartikel - HumanRX\" \/>\n<meta property=\"og:url\" content=\"https:\/\/humanrx.ch\/de\/fachartikel\/\" \/>\n<meta property=\"og:site_name\" content=\"HumanRX\" \/>\n<meta property=\"article:modified_time\" content=\"2024-08-23T13:58:31+00:00\" \/>\n<meta name=\"twitter:card\" content=\"summary_large_image\" \/>\n<script type=\"application\/ld+json\" class=\"yoast-schema-graph\">{\"@context\":\"https:\/\/schema.org\",\"@graph\":[{\"@type\":\"WebPage\",\"@id\":\"https:\/\/humanrx.ch\/de\/fachartikel\/\",\"url\":\"https:\/\/humanrx.ch\/de\/fachartikel\/\",\"name\":\"Fachartikel - HumanRX\",\"isPartOf\":{\"@id\":\"https:\/\/humanrx.ch\/de\/#website\"},\"datePublished\":\"2021-03-03T15:20:01+00:00\",\"dateModified\":\"2024-08-23T13:58:31+00:00\",\"breadcrumb\":{\"@id\":\"https:\/\/humanrx.ch\/de\/fachartikel\/#breadcrumb\"},\"inLanguage\":\"de\",\"potentialAction\":[{\"@type\":\"ReadAction\",\"target\":[\"https:\/\/humanrx.ch\/de\/fachartikel\/\"]}]},{\"@type\":\"BreadcrumbList\",\"@id\":\"https:\/\/humanrx.ch\/de\/fachartikel\/#breadcrumb\",\"itemListElement\":[{\"@type\":\"ListItem\",\"position\":1,\"name\":\"Home\",\"item\":\"https:\/\/humanrx.ch\/de\/home\/\"},{\"@type\":\"ListItem\",\"position\":2,\"name\":\"Fachartikel\"}]},{\"@type\":\"WebSite\",\"@id\":\"https:\/\/humanrx.ch\/de\/#website\",\"url\":\"https:\/\/humanrx.ch\/de\/\",\"name\":\"HumanRX\",\"description\":\"\",\"publisher\":{\"@id\":\"https:\/\/humanrx.ch\/de\/#organization\"},\"potentialAction\":[{\"@type\":\"SearchAction\",\"target\":{\"@type\":\"EntryPoint\",\"urlTemplate\":\"https:\/\/humanrx.ch\/de\/?s={search_term_string}\"},\"query-input\":{\"@type\":\"PropertyValueSpecification\",\"valueRequired\":true,\"valueName\":\"search_term_string\"}}],\"inLanguage\":\"de\"},{\"@type\":\"Organization\",\"@id\":\"https:\/\/humanrx.ch\/de\/#organization\",\"name\":\"HumanRX\",\"url\":\"https:\/\/humanrx.ch\/de\/\",\"logo\":{\"@type\":\"ImageObject\",\"inLanguage\":\"de\",\"@id\":\"https:\/\/humanrx.ch\/de\/#\/schema\/logo\/image\/\",\"url\":\"https:\/\/humanrx.ch\/wp-content\/uploads\/2021\/03\/HumanRx_logo_black.svg\",\"contentUrl\":\"https:\/\/humanrx.ch\/wp-content\/uploads\/2021\/03\/HumanRx_logo_black.svg\",\"width\":181,\"height\":47,\"caption\":\"HumanRX\"},\"image\":{\"@id\":\"https:\/\/humanrx.ch\/de\/#\/schema\/logo\/image\/\"}}]}<\/script>\n<!-- \/ Yoast SEO plugin. -->","yoast_head_json":{"title":"Fachartikel - HumanRX","robots":{"index":"index","follow":"follow","max-snippet":"max-snippet:-1","max-image-preview":"max-image-preview:large","max-video-preview":"max-video-preview:-1"},"canonical":"https:\/\/humanrx.ch\/de\/fachartikel\/","og_locale":"de_DE","og_type":"article","og_title":"Fachartikel - HumanRX","og_url":"https:\/\/humanrx.ch\/de\/fachartikel\/","og_site_name":"HumanRX","article_modified_time":"2024-08-23T13:58:31+00:00","twitter_card":"summary_large_image","schema":{"@context":"https:\/\/schema.org","@graph":[{"@type":"WebPage","@id":"https:\/\/humanrx.ch\/de\/fachartikel\/","url":"https:\/\/humanrx.ch\/de\/fachartikel\/","name":"Fachartikel - HumanRX","isPartOf":{"@id":"https:\/\/humanrx.ch\/de\/#website"},"datePublished":"2021-03-03T15:20:01+00:00","dateModified":"2024-08-23T13:58:31+00:00","breadcrumb":{"@id":"https:\/\/humanrx.ch\/de\/fachartikel\/#breadcrumb"},"inLanguage":"de","potentialAction":[{"@type":"ReadAction","target":["https:\/\/humanrx.ch\/de\/fachartikel\/"]}]},{"@type":"BreadcrumbList","@id":"https:\/\/humanrx.ch\/de\/fachartikel\/#breadcrumb","itemListElement":[{"@type":"ListItem","position":1,"name":"Home","item":"https:\/\/humanrx.ch\/de\/home\/"},{"@type":"ListItem","position":2,"name":"Fachartikel"}]},{"@type":"WebSite","@id":"https:\/\/humanrx.ch\/de\/#website","url":"https:\/\/humanrx.ch\/de\/","name":"HumanRX","description":"","publisher":{"@id":"https:\/\/humanrx.ch\/de\/#organization"},"potentialAction":[{"@type":"SearchAction","target":{"@type":"EntryPoint","urlTemplate":"https:\/\/humanrx.ch\/de\/?s={search_term_string}"},"query-input":{"@type":"PropertyValueSpecification","valueRequired":true,"valueName":"search_term_string"}}],"inLanguage":"de"},{"@type":"Organization","@id":"https:\/\/humanrx.ch\/de\/#organization","name":"HumanRX","url":"https:\/\/humanrx.ch\/de\/","logo":{"@type":"ImageObject","inLanguage":"de","@id":"https:\/\/humanrx.ch\/de\/#\/schema\/logo\/image\/","url":"https:\/\/humanrx.ch\/wp-content\/uploads\/2021\/03\/HumanRx_logo_black.svg","contentUrl":"https:\/\/humanrx.ch\/wp-content\/uploads\/2021\/03\/HumanRx_logo_black.svg","width":181,"height":47,"caption":"HumanRX"},"image":{"@id":"https:\/\/humanrx.ch\/de\/#\/schema\/logo\/image\/"}}]}},"uagb_featured_image_src":{"full":false,"thumbnail":false,"medium":false,"medium_large":false,"large":false,"1536x1536":false,"2048x2048":false,"blog_thumb":false},"uagb_author_info":{"display_name":"reaktiiv-hu","author_link":"https:\/\/humanrx.ch\/de\/author\/reaktiiv-hu\/"},"uagb_comment_info":0,"uagb_excerpt":null,"coauthors":[],"author_meta":{"author_link":"https:\/\/humanrx.ch\/de\/author\/reaktiiv-hu\/","display_name":"reaktiiv-hu"},"relative_dates":{"created":"Ver\u00f6ffentlicht 5\u00a0Jahren vor","modified":"Aktualisiert 2\u00a0Jahren vor"},"absolute_dates":{"created":"Ver\u00f6ffentlicht am 3. M\u00e4rz 2021","modified":"Aktualisiert am 23. August 2024"},"absolute_dates_time":{"created":"Ver\u00f6ffentlicht am 3. M\u00e4rz 2021 18:20","modified":"Aktualisiert am 23. August 2024 16:58"},"featured_img_caption":"","featured_img":false,"series_order":"","_links":{"self":[{"href":"https:\/\/humanrx.ch\/de\/wp-json\/wp\/v2\/pages\/582","targetHints":{"allow":["GET"]}}],"collection":[{"href":"https:\/\/humanrx.ch\/de\/wp-json\/wp\/v2\/pages"}],"about":[{"href":"https:\/\/humanrx.ch\/de\/wp-json\/wp\/v2\/types\/page"}],"author":[{"embeddable":true,"href":"https:\/\/humanrx.ch\/de\/wp-json\/wp\/v2\/users\/2"}],"replies":[{"embeddable":true,"href":"https:\/\/humanrx.ch\/de\/wp-json\/wp\/v2\/comments?post=582"}],"version-history":[{"count":1,"href":"https:\/\/humanrx.ch\/de\/wp-json\/wp\/v2\/pages\/582\/revisions"}],"predecessor-version":[{"id":638,"href":"https:\/\/humanrx.ch\/de\/wp-json\/wp\/v2\/pages\/582\/revisions\/638"}],"wp:attachment":[{"href":"https:\/\/humanrx.ch\/de\/wp-json\/wp\/v2\/media?parent=582"}],"curies":[{"name":"wp","href":"https:\/\/api.w.org\/{rel}","templated":true}]}}