{"id":577,"date":"2021-03-04T12:58:15","date_gmt":"2021-03-04T09:58:15","guid":{"rendered":"https:\/\/humanrx.ch\/about-martin-krumm\/"},"modified":"2021-03-18T15:19:44","modified_gmt":"2021-03-18T12:19:44","slug":"about-martin-krumm","status":"publish","type":"page","link":"https:\/\/humanrx.ch\/de\/about-martin-krumm\/","title":{"rendered":"About Martin Krumm"},"content":{"rendered":"\n<p>Lorem ipsum dolor sit amet, consectetur adipiscing elit. Proin iaculis aliquet erat, in cursus libero vulputate sed. Ut facilisis laoreet nunc, non pharetra sem aliquet consectetur. Mauris rhoncus finibus bibendum. Mauris malesuada, odio quis semper venenatis, massa orci laoreet lacus, vel convallis diam leo vitae sem. Aenean sed nisi sapien. Etiam molestie porta ex vitae sagittis. Sed massa urna, placerat ac augue sit amet, sagittis vulputate neque. Duis eget neque at nisl interdum imperdiet eu eu lacus. Donec pretium odio nec dui dictum tristique ornare sed nisi. Curabitur vitae elit erat. Sed ut aliquam leo. Donec commodo eleifend odio nec pulvinar. Sed gravida tortor sit amet felis sagittis, eget imperdiet risus ultrices. Aliquam sed bibendum magna, in pharetra arcu. Mauris placerat eu lacus quis vehicula. Cras sed rutrum nulla.<\/p>\n\n\n\n<h2 class=\"wp-block-heading\">Lorem ipsum dolor sit amet, consectetur adipiscing elit.<\/h2>\n\n\n    <div id=\"full-img-block-block_6040af332f010\" class=\"full-img-block\">\n        <img decoding=\"async\" src=\"https:\/\/humanrx.ch\/wp-content\/uploads\/2021\/03\/034-HumanRx-Back-Rehabilitation-Martin-Kumm-web.jpg\" alt=\"Herniated Disc - therapy of HumanRX by Martin Kumm\">\n    <\/div>\n","protected":false},"excerpt":{"rendered":"Lorem ipsum dolor sit amet, consectetur adipiscing elit. Proin iaculis aliquet erat, in cursus libero vulputate sed. Ut facilisis laoreet nunc, non pharetra sem aliquet consectetur. Mauris rhoncus finibus bibendum. Mauris malesuada, odio quis semper venenatis, massa orci laoreet lacus, vel convallis diam leo vitae sem. Aenean sed nisi sapien. Etiam molestie porta ex vitae [&hellip;]","protected":false},"author":2,"featured_media":71,"parent":0,"menu_order":0,"comment_status":"closed","ping_status":"closed","template":"page-templates\/template-about-post.php","meta":{"_acf_changed":false,"_uag_custom_page_level_css":"","advgb_blocks_editor_width":"","advgb_blocks_columns_visual_guide":"","footnotes":""},"class_list":["post-577","page","type-page","status-publish","has-post-thumbnail","hentry"],"acf":[],"yoast_head":"<!-- This site is optimized with the Yoast SEO plugin v26.8 - https:\/\/yoast.com\/product\/yoast-seo-wordpress\/ -->\n<title>About Martin Krumm - HumanRX<\/title>\n<meta name=\"robots\" content=\"index, follow, max-snippet:-1, max-image-preview:large, max-video-preview:-1\" \/>\n<link rel=\"canonical\" href=\"https:\/\/humanrx.ch\/de\/about-martin-krumm\/\" \/>\n<meta property=\"og:locale\" content=\"de_DE\" \/>\n<meta property=\"og:type\" content=\"article\" \/>\n<meta property=\"og:title\" content=\"About Martin Krumm - HumanRX\" \/>\n<meta property=\"og:description\" content=\"Lorem ipsum dolor sit amet, consectetur adipiscing elit. Proin iaculis aliquet erat, in cursus libero vulputate sed. Ut facilisis laoreet nunc, non pharetra sem aliquet consectetur. Mauris rhoncus finibus bibendum. Mauris malesuada, odio quis semper venenatis, massa orci laoreet lacus, vel convallis diam leo vitae sem. Aenean sed nisi sapien. Etiam molestie porta ex vitae [&hellip;]\" \/>\n<meta property=\"og:url\" content=\"https:\/\/humanrx.ch\/de\/about-martin-krumm\/\" \/>\n<meta property=\"og:site_name\" content=\"HumanRX\" \/>\n<meta property=\"article:modified_time\" content=\"2021-03-18T12:19:44+00:00\" \/>\n<meta property=\"og:image\" content=\"https:\/\/humanrx.ch\/wp-content\/uploads\/2021\/03\/001-HumanRx-Back-Rehabilitation-Martin-Kumm-web.jpg\" \/>\n\t<meta property=\"og:image:width\" content=\"2046\" \/>\n\t<meta property=\"og:image:height\" content=\"1364\" \/>\n\t<meta property=\"og:image:type\" content=\"image\/jpeg\" \/>\n<meta name=\"twitter:card\" content=\"summary_large_image\" \/>\n<meta name=\"twitter:label1\" content=\"Gesch\u00e4tzte Lesezeit\" \/>\n\t<meta name=\"twitter:data1\" content=\"1\u00a0Minute\" \/>\n<script type=\"application\/ld+json\" class=\"yoast-schema-graph\">{\"@context\":\"https:\/\/schema.org\",\"@graph\":[{\"@type\":\"WebPage\",\"@id\":\"https:\/\/humanrx.ch\/de\/about-martin-krumm\/\",\"url\":\"https:\/\/humanrx.ch\/de\/about-martin-krumm\/\",\"name\":\"About Martin Krumm - HumanRX\",\"isPartOf\":{\"@id\":\"https:\/\/humanrx.ch\/de\/#website\"},\"primaryImageOfPage\":{\"@id\":\"https:\/\/humanrx.ch\/de\/about-martin-krumm\/#primaryimage\"},\"image\":{\"@id\":\"https:\/\/humanrx.ch\/de\/about-martin-krumm\/#primaryimage\"},\"thumbnailUrl\":\"https:\/\/humanrx.ch\/wp-content\/uploads\/2021\/03\/001-HumanRx-Back-Rehabilitation-Martin-Kumm-web.jpg\",\"datePublished\":\"2021-03-04T09:58:15+00:00\",\"dateModified\":\"2021-03-18T12:19:44+00:00\",\"breadcrumb\":{\"@id\":\"https:\/\/humanrx.ch\/de\/about-martin-krumm\/#breadcrumb\"},\"inLanguage\":\"de\",\"potentialAction\":[{\"@type\":\"ReadAction\",\"target\":[\"https:\/\/humanrx.ch\/de\/about-martin-krumm\/\"]}]},{\"@type\":\"ImageObject\",\"inLanguage\":\"de\",\"@id\":\"https:\/\/humanrx.ch\/de\/about-martin-krumm\/#primaryimage\",\"url\":\"https:\/\/humanrx.ch\/wp-content\/uploads\/2021\/03\/001-HumanRx-Back-Rehabilitation-Martin-Kumm-web.jpg\",\"contentUrl\":\"https:\/\/humanrx.ch\/wp-content\/uploads\/2021\/03\/001-HumanRx-Back-Rehabilitation-Martin-Kumm-web.jpg\",\"width\":2046,\"height\":1364,\"caption\":\"Rehabilitation Martin Consulting\"},{\"@type\":\"BreadcrumbList\",\"@id\":\"https:\/\/humanrx.ch\/de\/about-martin-krumm\/#breadcrumb\",\"itemListElement\":[{\"@type\":\"ListItem\",\"position\":1,\"name\":\"Home\",\"item\":\"https:\/\/humanrx.ch\/de\/home\/\"},{\"@type\":\"ListItem\",\"position\":2,\"name\":\"About Martin Krumm\"}]},{\"@type\":\"WebSite\",\"@id\":\"https:\/\/humanrx.ch\/de\/#website\",\"url\":\"https:\/\/humanrx.ch\/de\/\",\"name\":\"HumanRX\",\"description\":\"\",\"publisher\":{\"@id\":\"https:\/\/humanrx.ch\/de\/#organization\"},\"potentialAction\":[{\"@type\":\"SearchAction\",\"target\":{\"@type\":\"EntryPoint\",\"urlTemplate\":\"https:\/\/humanrx.ch\/de\/?s={search_term_string}\"},\"query-input\":{\"@type\":\"PropertyValueSpecification\",\"valueRequired\":true,\"valueName\":\"search_term_string\"}}],\"inLanguage\":\"de\"},{\"@type\":\"Organization\",\"@id\":\"https:\/\/humanrx.ch\/de\/#organization\",\"name\":\"HumanRX\",\"url\":\"https:\/\/humanrx.ch\/de\/\",\"logo\":{\"@type\":\"ImageObject\",\"inLanguage\":\"de\",\"@id\":\"https:\/\/humanrx.ch\/de\/#\/schema\/logo\/image\/\",\"url\":\"https:\/\/humanrx.ch\/wp-content\/uploads\/2021\/03\/HumanRx_logo_black.svg\",\"contentUrl\":\"https:\/\/humanrx.ch\/wp-content\/uploads\/2021\/03\/HumanRx_logo_black.svg\",\"width\":181,\"height\":47,\"caption\":\"HumanRX\"},\"image\":{\"@id\":\"https:\/\/humanrx.ch\/de\/#\/schema\/logo\/image\/\"}}]}<\/script>\n<!-- \/ Yoast SEO plugin. -->","yoast_head_json":{"title":"About Martin Krumm - HumanRX","robots":{"index":"index","follow":"follow","max-snippet":"max-snippet:-1","max-image-preview":"max-image-preview:large","max-video-preview":"max-video-preview:-1"},"canonical":"https:\/\/humanrx.ch\/de\/about-martin-krumm\/","og_locale":"de_DE","og_type":"article","og_title":"About Martin Krumm - HumanRX","og_description":"Lorem ipsum dolor sit amet, consectetur adipiscing elit. Proin iaculis aliquet erat, in cursus libero vulputate sed. Ut facilisis laoreet nunc, non pharetra sem aliquet consectetur. Mauris rhoncus finibus bibendum. Mauris malesuada, odio quis semper venenatis, massa orci laoreet lacus, vel convallis diam leo vitae sem. Aenean sed nisi sapien. Etiam molestie porta ex vitae [&hellip;]","og_url":"https:\/\/humanrx.ch\/de\/about-martin-krumm\/","og_site_name":"HumanRX","article_modified_time":"2021-03-18T12:19:44+00:00","og_image":[{"width":2046,"height":1364,"url":"https:\/\/humanrx.ch\/wp-content\/uploads\/2021\/03\/001-HumanRx-Back-Rehabilitation-Martin-Kumm-web.jpg","type":"image\/jpeg"}],"twitter_card":"summary_large_image","twitter_misc":{"Gesch\u00e4tzte Lesezeit":"1\u00a0Minute"},"schema":{"@context":"https:\/\/schema.org","@graph":[{"@type":"WebPage","@id":"https:\/\/humanrx.ch\/de\/about-martin-krumm\/","url":"https:\/\/humanrx.ch\/de\/about-martin-krumm\/","name":"About Martin Krumm - HumanRX","isPartOf":{"@id":"https:\/\/humanrx.ch\/de\/#website"},"primaryImageOfPage":{"@id":"https:\/\/humanrx.ch\/de\/about-martin-krumm\/#primaryimage"},"image":{"@id":"https:\/\/humanrx.ch\/de\/about-martin-krumm\/#primaryimage"},"thumbnailUrl":"https:\/\/humanrx.ch\/wp-content\/uploads\/2021\/03\/001-HumanRx-Back-Rehabilitation-Martin-Kumm-web.jpg","datePublished":"2021-03-04T09:58:15+00:00","dateModified":"2021-03-18T12:19:44+00:00","breadcrumb":{"@id":"https:\/\/humanrx.ch\/de\/about-martin-krumm\/#breadcrumb"},"inLanguage":"de","potentialAction":[{"@type":"ReadAction","target":["https:\/\/humanrx.ch\/de\/about-martin-krumm\/"]}]},{"@type":"ImageObject","inLanguage":"de","@id":"https:\/\/humanrx.ch\/de\/about-martin-krumm\/#primaryimage","url":"https:\/\/humanrx.ch\/wp-content\/uploads\/2021\/03\/001-HumanRx-Back-Rehabilitation-Martin-Kumm-web.jpg","contentUrl":"https:\/\/humanrx.ch\/wp-content\/uploads\/2021\/03\/001-HumanRx-Back-Rehabilitation-Martin-Kumm-web.jpg","width":2046,"height":1364,"caption":"Rehabilitation Martin Consulting"},{"@type":"BreadcrumbList","@id":"https:\/\/humanrx.ch\/de\/about-martin-krumm\/#breadcrumb","itemListElement":[{"@type":"ListItem","position":1,"name":"Home","item":"https:\/\/humanrx.ch\/de\/home\/"},{"@type":"ListItem","position":2,"name":"About Martin Krumm"}]},{"@type":"WebSite","@id":"https:\/\/humanrx.ch\/de\/#website","url":"https:\/\/humanrx.ch\/de\/","name":"HumanRX","description":"","publisher":{"@id":"https:\/\/humanrx.ch\/de\/#organization"},"potentialAction":[{"@type":"SearchAction","target":{"@type":"EntryPoint","urlTemplate":"https:\/\/humanrx.ch\/de\/?s={search_term_string}"},"query-input":{"@type":"PropertyValueSpecification","valueRequired":true,"valueName":"search_term_string"}}],"inLanguage":"de"},{"@type":"Organization","@id":"https:\/\/humanrx.ch\/de\/#organization","name":"HumanRX","url":"https:\/\/humanrx.ch\/de\/","logo":{"@type":"ImageObject","inLanguage":"de","@id":"https:\/\/humanrx.ch\/de\/#\/schema\/logo\/image\/","url":"https:\/\/humanrx.ch\/wp-content\/uploads\/2021\/03\/HumanRx_logo_black.svg","contentUrl":"https:\/\/humanrx.ch\/wp-content\/uploads\/2021\/03\/HumanRx_logo_black.svg","width":181,"height":47,"caption":"HumanRX"},"image":{"@id":"https:\/\/humanrx.ch\/de\/#\/schema\/logo\/image\/"}}]}},"uagb_featured_image_src":{"full":["https:\/\/humanrx.ch\/wp-content\/uploads\/2021\/03\/001-HumanRx-Back-Rehabilitation-Martin-Kumm-web.jpg",2046,1364,false],"thumbnail":["https:\/\/humanrx.ch\/wp-content\/uploads\/2021\/03\/001-HumanRx-Back-Rehabilitation-Martin-Kumm-web-150x150.jpg",150,150,true],"medium":["https:\/\/humanrx.ch\/wp-content\/uploads\/2021\/03\/001-HumanRx-Back-Rehabilitation-Martin-Kumm-web-300x200.jpg",300,200,true],"medium_large":["https:\/\/humanrx.ch\/wp-content\/uploads\/2021\/03\/001-HumanRx-Back-Rehabilitation-Martin-Kumm-web-768x512.jpg",768,512,true],"large":["https:\/\/humanrx.ch\/wp-content\/uploads\/2021\/03\/001-HumanRx-Back-Rehabilitation-Martin-Kumm-web-1024x683.jpg",1024,683,true],"1536x1536":["https:\/\/humanrx.ch\/wp-content\/uploads\/2021\/03\/001-HumanRx-Back-Rehabilitation-Martin-Kumm-web-1536x1024.jpg",1536,1024,true],"2048x2048":["https:\/\/humanrx.ch\/wp-content\/uploads\/2021\/03\/001-HumanRx-Back-Rehabilitation-Martin-Kumm-web.jpg",2046,1364,false],"blog_thumb":["https:\/\/humanrx.ch\/wp-content\/uploads\/2021\/03\/001-HumanRx-Back-Rehabilitation-Martin-Kumm-web-479x319.jpg",479,319,true]},"uagb_author_info":{"display_name":"reaktiiv-hu","author_link":"https:\/\/humanrx.ch\/de\/author\/reaktiiv-hu\/"},"uagb_comment_info":0,"uagb_excerpt":"Lorem ipsum dolor sit amet, consectetur adipiscing elit. Proin iaculis aliquet erat, in cursus libero vulputate sed. Ut facilisis laoreet nunc, non pharetra sem aliquet consectetur. Mauris rhoncus finibus bibendum. Mauris malesuada, odio quis semper venenatis, massa orci laoreet lacus, vel convallis diam leo vitae sem. Aenean sed nisi sapien. Etiam molestie porta ex vitae&hellip;","coauthors":[],"author_meta":{"author_link":"https:\/\/humanrx.ch\/de\/author\/reaktiiv-hu\/","display_name":"reaktiiv-hu"},"relative_dates":{"created":"Ver\u00f6ffentlicht 5\u00a0Jahren vor","modified":"Aktualisiert 5\u00a0Jahren vor"},"absolute_dates":{"created":"Ver\u00f6ffentlicht am 4. M\u00e4rz 2021","modified":"Aktualisiert am 18. M\u00e4rz 2021"},"absolute_dates_time":{"created":"Ver\u00f6ffentlicht am 4. M\u00e4rz 2021 12:58","modified":"Aktualisiert am 18. M\u00e4rz 2021 15:19"},"featured_img_caption":"","featured_img":"https:\/\/humanrx.ch\/wp-content\/uploads\/2021\/03\/001-HumanRx-Back-Rehabilitation-Martin-Kumm-web.jpg","series_order":"","_links":{"self":[{"href":"https:\/\/humanrx.ch\/de\/wp-json\/wp\/v2\/pages\/577","targetHints":{"allow":["GET"]}}],"collection":[{"href":"https:\/\/humanrx.ch\/de\/wp-json\/wp\/v2\/pages"}],"about":[{"href":"https:\/\/humanrx.ch\/de\/wp-json\/wp\/v2\/types\/page"}],"author":[{"embeddable":true,"href":"https:\/\/humanrx.ch\/de\/wp-json\/wp\/v2\/users\/2"}],"replies":[{"embeddable":true,"href":"https:\/\/humanrx.ch\/de\/wp-json\/wp\/v2\/comments?post=577"}],"version-history":[{"count":1,"href":"https:\/\/humanrx.ch\/de\/wp-json\/wp\/v2\/pages\/577\/revisions"}],"predecessor-version":[{"id":578,"href":"https:\/\/humanrx.ch\/de\/wp-json\/wp\/v2\/pages\/577\/revisions\/578"}],"wp:featuredmedia":[{"embeddable":true,"href":"https:\/\/humanrx.ch\/de\/wp-json\/wp\/v2\/media\/71"}],"wp:attachment":[{"href":"https:\/\/humanrx.ch\/de\/wp-json\/wp\/v2\/media?parent=577"}],"curies":[{"name":"wp","href":"https:\/\/api.w.org\/{rel}","templated":true}]}}