{"id":574,"date":"2021-03-04T14:40:52","date_gmt":"2021-03-04T11:40:52","guid":{"rendered":"https:\/\/humanrx.ch\/privacy-policy\/"},"modified":"2021-03-19T15:09:06","modified_gmt":"2021-03-19T12:09:06","slug":"privacy-policy","status":"publish","type":"page","link":"https:\/\/humanrx.ch\/de\/privacy-policy\/","title":{"rendered":"Privacy Policy"},"content":{"rendered":"\n<p>Der Inhalt der Website\u00a0<a rel=\"noreferrer noopener\" href=\"http:\/\/www.humanrx.ch\/\" target=\"_blank\">www.humanrx.ch<\/a>\u00a0stellt in keiner Weise Ersatz f\u00fcr\u00a0pers\u00f6nliche\u00a0\u00e4rztliche\u00a0Beratungen oder Behandlungen dar. Wir fordern alle Besucherinnen und Besucher unserer Website auf, bei Gesundheitsproblemen immer einen Arzt zu konsultieren. Wenn Sie\u00a0bez\u00fcglich Ihrer Gesundheit Fragen haben, wenden Sie sich an Ihren Hausarzt. Beginnen,\u00a0ver\u00e4ndern\u00a0oder unterbrechen Sie keine Behandlungen\u00a0eigenst\u00e4ndig\u00a0bzw. ohne R\u00fccksprache\u00a0mit Ihrem Arzt.\u00a0<br>Der Inhalt der Website ist nicht geeignet, um\u00a0eigenst\u00e4ndige\u00a0Diagnosen zu stellen oder Behandlungsmethoden\u00a0auszuw\u00e4hlen. F\u00fcr\u00a0Sch\u00e4den oder gesundheitliche St\u00f6rungen, die durch den Gebrauch bzw. Missbrauch der Informationen entstehen k\u00f6nnen,\u00a0\u00fcbernimmt\u00a0HumanRx GmbH\u00a0weder direkt noch indirekt\u00a0keine\u00a0Verantwortung.\u00a0<\/p>\n\n\n\n<h3 class=\"wp-block-heading\">Grundlegendes\u00a0<\/h3>\n\n\n\n<h3 class=\"wp-block-heading\">Datenschutzerkla\u0308rung\u00a0<\/h3>\n\n\n\n<p>Diese\u00a0Datenschutzerkla\u0308rung\u00a0soll die Nutzer dieser Website u\u0308ber\u00a0die Art, den Umfang und den Zweck der Erhebung und Verwendung personenbezogener Daten durch den Websitebetreiber\u00a0HumanRx GmbH\u00a0informieren.\u00a0<br>Der Websitebetreiber nimmt Ihren Datenschutz sehr ernst und behandelt Ihre personenbezogenen Daten vertraulich und entsprechend der gesetzlichen Vorschriften. Da durch neue Technologien und die\u00a0sta\u0308ndige\u00a0Weiterentwicklung dieser Webseite A\u0308nderungen\u00a0an dieser\u00a0Datenschutzerkla\u0308rung\u00a0vorgenommen werden\u00a0ko\u0308nnen, empfehlen wir Ihnen sich die\u00a0Datenschutzerkla\u0308rung\u00a0in\u00a0regelma\u0308ssigen\u00a0Absta\u0308nden\u00a0wieder durchzulesen.\u00a0<br>Definitionen der verwendeten Begriffe (z.B.\u00a0\u201cpersonenbezogene Daten\u201d\u00a0oder\u00a0\u201cVerarbeitung\u201d) finden Sie in Art. 4 DSGVO.\u00a0<br>Zugriffsdaten\u00a0<br>Wir, der Websitebetreiber bzw. Seitenprovider, erheben aufgrund unseres berechtigten Interesses (s. Art. 6 Abs. 1\u00a0lit. f. DSGVO) Daten u\u0308ber\u00a0Zugriffe auf die Website und speichern diese als\u00a0\u201eServer-Logfiles\u201c\u00a0auf dem Server der Website ab. Folgende Daten werden so protokolliert:\u00a0<br>Besuchte Website,\u00a0Uhrzeit zum Zeitpunkt des Zugriffes,\u00a0Menge der gesendeten Daten in Byte,\u00a0Quelle\/Verweis, von welchem Sie auf die Seite gelangten,\u00a0Verwendeter Browser,\u00a0Verwendetes Betriebssystem,\u00a0Verwendete IP-Adresse.\u00a0<br>Die Server-Logfiles werden\u00a0fu\u0308r maximal\u00a082\u00a0Tage gespeichert und\u00a0anschliessend\u00a0gelo\u0308scht. Die Speicherung der Daten erfolgt aus\u00a0Sicherheitsgru\u0308nden, um z. B.\u00a0Missbrauchsfa\u0308lle\u00a0aufkla\u0308ren\u00a0zu\u00a0ko\u0308nnen. Mu\u0308ssen\u00a0Daten aus\u00a0Beweisgru\u0308nden\u00a0aufgehoben werden, sind sie\u00a0solange\u00a0von der Lo\u0308schung\u00a0ausgenommen bis der Vorfall\u00a0endgu\u0308ltig\u00a0gekla\u0308rt ist.\u00a0<\/p>\n\n\n\n<h3 class=\"wp-block-heading\">Reichweitenmessung &amp; Cookies<\/h3>\n\n\n\n<p>Diese Website verwendet Cookies zur pseudonymisierten Reichweitenmessung, die entweder von unserem Server oder dem Server Dritter an den Browser des Nutzers\u00a0<br>u\u0308bertragen\u00a0werden. Bei Cookies handelt es sich um kleine Dateien, welche auf Ihrem\u00a0Endgera\u0308t gespeichert werden. Ihr Browser greift auf diese Dateien zu. Durch den Einsatz von Cookies\u00a0erho\u0308ht\u00a0sich die Benutzerfreundlichkeit und Sicherheit dieser Website.\u00a0Ga\u0308ngige\u00a0Browser bieten die Einstellungsoption, Cookies nicht zuzulassen. Hinweis: Es ist nicht\u00a0gewa\u0308hrleistet, dass Sie auf alle Funktionen dieser Website ohne\u00a0Einschra\u0308nkungen\u00a0zugreifen\u00a0ko\u0308nnen, wenn Sie entsprechende Einstellungen vornehmen.\u00a0<\/p>\n\n\n\n<h3 class=\"wp-block-heading\">Erfassung und Verarbeitung personenbezogener Daten<\/h3>\n\n\n\n<p>Der Websitebetreiber erhebt, nutzt und gibt Ihre personenbezogenen Daten nur dann weiter, wenn dies im gesetzlichen Rahmen erlaubt ist oder Sie in die Datenerhebung einwilligen. Als personenbezogene Daten gelten\u00a0sa\u0308mtliche\u00a0Informationen, welche dazu dienen, Ihre Person zu bestimmen und welche zu Ihnen\u00a0zuru\u0308ckverfolgt\u00a0werden\u00a0ko\u0308nnen\u00a0\u2013\u00a0also beispielsweise Ihr Name, Ihre E-Mail-Adresse und Telefonnummer.\u00a0<br>Diese Website\u00a0ko\u0308nnen\u00a0Sie auch besuchen, ohne Angaben zu Ihrer Person zu machen. Zur Verbesserung unseres Online-Angebotes speichern wir jedoch (ohne Personenbezug) Ihre Zugriffsdaten auf diese Website. Zu diesen Zugriffsdaten\u00a0geho\u0308ren\u00a0z. B. die von Ihnen angeforderte Datei oder der Name Ihres Internet-Providers. Durch die Anonymisierung der Daten sind\u00a0Ru\u0308ckschlu\u0308sse\u00a0auf Ihre Person nicht\u00a0mo\u0308glich.\u00a0Als\u00a0Webseitenbetreiber personenbezogene Daten verarbeiten\u00a0wir:\u00a0\u00a0<\/p>\n\n\n\n<ul class=\"wp-block-list\"><li>Personenbezogene\u00a0Daten wie Vorname, Nachname, IP-Adresse, E-Mail-Adresse, Wohnort, Postleitzahl und Inhaltsangaben aus dem\u00a0Kontaktformular.<\/li><li>Verarbeiten personenbezogene Daten nur nach\u00a0ausdru\u0308cklicher\u00a0Erlaubnis\u00a0der betreffenden Nutzer und unter Einhaltung der geltenden\u00a0Datenschutzbestimmungen.\u00a0<\/li><li>Die Verarbeitung der personenbezogenen Daten erfolgt aufgrund unseres\u00a0berechtigten Interesses zur\u00a0Erfu\u0308llung\u00a0unserer vertraglich vereinbarten Leistungen und zur Optimierung unseres Online-Angebotes.<\/li><\/ul>\n\n\n\n<h3 class=\"wp-block-heading\">Umgang mit Kontaktdaten\u00a0<\/h3>\n\n\n\n<p>Nehmen Sie mit uns als Websitebetreiber durch die angebotenen\u00a0Kontaktmo\u0308glichkeiten\u00a0Verbindung auf, werden Ihre Angaben gespeichert, damit auf diese zur Bearbeitung und Beantwortung Ihrer Anfrage\u00a0zuru\u0308ckgegriffen\u00a0werden kann. Ohne Ihre Einwilligung werden diese Daten nicht an Dritte weitergegeben.\u00a0<br>Umgang mit Kommentaren und\u00a0Beitra\u0308gen\u00a0Hinterlassen Sie auf dieser Website einen Beitrag oder Kommentar, wird Ihre IP-Adresse gespeichert. Dies erfolgt aufgrund unserer berechtigten Interessen im Sinne des Art. 6 Abs. 1\u00a0lit. f. DSGVO und dient der Sicherheit von uns als Websitebetreiber: Denn sollte Ihr Kommentar gegen geltendes Recht versto\u00dfen, ko\u0308nnen\u00a0wir\u00a0dafu\u0308r belangt werden, weshalb wir ein Interesse an der\u00a0Identita\u0308t des Kommentar- bzw. Beitragsautors haben.<\/p>\n\n\n\n<h3 class=\"wp-block-heading\">Kontaktformular<\/h3>\n\n\n\n<p>Treten Sie bzgl. Fragen jeglicher Art per E-Mail oder Kontaktformular mit uns in Kontakt, erteilen Sie uns zum Zwecke der Kontaktaufnahme Ihre freiwillige Einwilligung.\u00a0Hierf\u00fcr ist die Angabe einer validen E-Mail-Adresse erforderlich. Diese dient der Zuordnung der Anfrage und der anschlie\u00dfenden Beantwortung derselben. Die von Ihnen gemachten Angaben werden zum Zwecke der Bearbeitung der Anfrage sowie f\u00fcr\u00a0m\u00f6gliche Anschlussfragen gespeichert. Nach Erledigung der von Ihnen gestellten Anfrage werden personenbezogene Daten automatisch gel\u00f6scht.<\/p>\n\n\n\n<h3 class=\"wp-block-heading\">Google Analytics\u00a0<\/h3>\n\n\n\n<p>Diese Website nutzt aufgrund unserer berechtigten Interessen zur Optimierung und Analyse unseres Online-Angebots im Sinne des Art. 6 Abs. 1\u00a0lit. f. DSGVO den Dienst\u00a0\u201eGoogle Analytics\u201c.\u00a0Der Dienst (Google Analytics) verwendet\u00a0\u201eCookies\u201c \u2013\u00a0Textdateien, welche auf Ihrem\u00a0Endgera\u0308t gespeichert werden.\u00a0<br>Auf dieser Website greift die IP-Anonymisierung. Die IP-Adresse der Nutzer wird innerhalb der Mitgliedsstaaten der EU und\u00a0des Europa\u0308ischen\u00a0Wirtschaftsraum und in den anderen Vertragsstaaten des Abkommens\u00a0geku\u0308rzt. Nur in\u00a0Einzelfa\u0308llen\u00a0wird die IP-Adresse\u00a0zuna\u0308chst\u00a0ungeku\u0308rzt\u00a0in die USA an einen Server von Google u\u0308bertragen\u00a0und dort\u00a0geku\u0308rzt. Durch diese\u00a0Ku\u0308rzung\u00a0entfa\u0308llt\u00a0der Personenbezug Ihrer IP-Adresse. Die vom Browser u\u0308bermittelte\u00a0IP- Adresse des Nutzers wird nicht mit anderen von Google gespeicherten Daten kombiniert.\u00a0<br>Im Rahmen der Vereinbarung zur Auftragsdatenvereinbarung, welche wir als Websitebetreiber mit der Google Inc. geschlossen haben, erstellt diese mithilfe der gesammelten Informationen eine Auswertung der Websitenutzung und der\u00a0Websiteaktivita\u0308t und erbringt mit der Internetnutzung verbundene Dienstleistungen.\u00a0<br>Die von Google in unserem Auftrag erhobenen Daten werden genutzt, um die Nutzung unseres Online-Angebots durch die einzelnen Nutzer auswerten zu\u00a0ko\u0308nnen, z. B. um Reports u\u0308ber\u00a0die\u00a0Aktivita\u0308t auf der Website zu erstellen, um unser Online-Angebot zu verbessern.\u00a0<br>Sie haben die Mo\u0308glichkeit, die Speicherung der Cookies auf Ihrem Gera\u0308t zu verhindern, indem Sie in Ihrem Browser entsprechende Einstellungen vornehmen. Es ist nicht\u00a0gewa\u0308hrleistet, dass Sie auf alle Funktionen dieser Website ohne\u00a0Einschra\u0308nkungen\u00a0zugreifen\u00a0ko\u0308nnen, wenn Ihr Browser keine Cookies\u00a0zula\u0308sst.\u00a0<br>Weiterhin\u00a0ko\u0308nnen\u00a0Sie durch ein Browser-Plugin verhindern, dass die durch Cookies gesammelten Informationen (inklusive Ihrer IP-Adresse) an die Google Inc. gesendet und von der Google Inc. genutzt werden. Ihr Browser muss die Speicherung von Cookies also hierzu\u00a0grundsa\u0308tzlich\u00a0erlauben. Lo\u0308schen\u00a0Sie Ihre Cookies\u00a0regelma\u0308\u00dfig, ist ein erneuter Klick auf den Link bei jedem Besuch dieser Website\u00a0vonno\u0308ten.\u00a0<\/p>\n\n\n\n<h3 class=\"wp-block-heading\">Verwendung von Google Maps<\/h3>\n\n\n\n<p>Diese Webseite verwendet Google Maps API, um geographische Informationen visuell darzustellen. Bei der Nutzung von Google Maps werden von Google auch Daten\u00a0\u00fcber\u00a0die Nutzung der Kartenfunktionen durch Besucher erhoben, verarbeitet und genutzt. N\u00e4here\u00a0Informationen\u00a0\u00fcber\u00a0die Datenverarbeitung durch Google k\u00f6nnen\u00a0Sie\u00a0<a rel=\"noreferrer noopener\" href=\"https:\/\/policies.google.com\/privacy\" target=\"_blank\">den Google-Datenschutzhinweisen<\/a>\u00a0entnehmen. Dort k\u00f6nnen\u00a0Sie im Datenschutzcenter auch Ihre\u00a0pers\u00f6nlichen\u00a0Datenschutz-Einstellungen\u00a0ver\u00e4ndern.\u00a0<br>Ausf\u00fchrliche\u00a0Anleitungen zur Verwaltung der eigenen Daten im Zusammenhang mit Google-Produkten\u00a0<a rel=\"noreferrer noopener\" href=\"https:\/\/support.google.com\/accounts\/answer\/3024190\" target=\"_blank\">finden Sie hier<\/a>.\u00a0<\/p>\n\n\n\n<h3 class=\"wp-block-heading\">Google AdWords\u00a0<\/h3>\n\n\n\n<p>Unsere Webseite nutzt das Google\u00a0Conversion-Tracking. Sind Sie\u00a0\u00fcber\u00a0eine von Google geschaltete Anzeige auf unsere Webseite gelangt, wird von Google\u00a0Adwords\u00a0ein Cookie auf Ihrem Rechner gesetzt. Das Cookie f\u00fcr\u00a0Conversion-Tracking wird gesetzt, wenn ein Nutzer auf eine von Google geschaltete Anzeige klickt. Diese Cookies verlieren nach 30 Tagen ihre G\u00fcltigkeit\u00a0und dienen nicht der\u00a0pers\u00f6nlichen\u00a0Identifizierung. Besucht der Nutzer bestimmte Seiten unserer Website und das Cookie ist noch nicht abgelaufen, k\u00f6nnen\u00a0wir und Google erkennen, dass der Nutzer auf die Anzeige geklickt hat und zu dieser Seite weitergeleitet wurde. Jeder Google AdWords-Kunde\u00a0erh\u00e4lt\u00a0ein anderes Cookie. Cookies k\u00f6nnen\u00a0somit nicht\u00a0\u00fcber\u00a0die Websites von AdWords-Kunden nachverfolgt werden. Die mithilfe des\u00a0Conversion-Cookies eingeholten Informationen dienen dazu,\u00a0Conversion-Statistiken f\u00fcr AdWords-Kunden zu erstellen, die sich f\u00fcr\u00a0Conversion-Tracking entschieden haben. Die Kunden erfahren die Gesamtanzahl der Nutzer, die auf ihre Anzeige geklickt haben und zu einer mit einem\u00a0Conversion-Tracking-Tag versehenen Seite weitergeleitet wurden. Sie erhalten jedoch keine Informationen, mit denen sich Nutzer\u00a0pers\u00f6nlich\u00a0identifizieren lassen.\u00a0<br>M\u00f6chten\u00a0Sie nicht am Tracking teilnehmen, k\u00f6nnen\u00a0Sie das\u00a0hierf\u00fcr erforderliche Setzen eines Cookies ablehnen\u00a0\u2013\u00a0etwa per Browser-Einstellung, die das automatische Setzen von Cookies generell deaktiviert oder Ihren Browser so einstellen, dass Cookies von der Domain\u00a0\u201egoogleleadservices.com\u201c\u00a0blockiert werden.\u00a0<br>Bitte beachten Sie, dass Sie die\u00a0Opt-out-Cookies nicht l\u00f6schen\u00a0d\u00fcrfen, solange Sie keine Aufzeichnung von Messdaten w\u00fcnschen. Haben Sie alle Ihre Cookies im Browser gel\u00f6scht, m\u00fcssen\u00a0Sie das jeweilige\u00a0Opt-out Cookie erneut setzen.\u00a0<\/p>\n\n\n\n<h3 class=\"wp-block-heading\">Lo\u0308schung\u00a0von Daten\u00a0<\/h3>\n\n\n\n<p>Sofern Ihr Wunsch nicht mit einer gesetzlichen Pflicht zur Aufbewahrung von Daten (z. B. Vorratsdatenspeicherung) kollidiert, haben Sie ein Anrecht auf Lo\u0308schung\u00a0Ihrer Daten. Von uns gespeicherte Daten werden, sollten sie\u00a0fu\u0308r ihre Zweckbestimmung nicht mehr\u00a0vonno\u0308ten\u00a0sein und es keine gesetzlichen Aufbewahrungsfristen geben,\u00a0gelo\u0308scht. Falls eine Lo\u0308schung\u00a0nicht\u00a0durchgefu\u0308hrt\u00a0werden kann, da die Daten\u00a0fu\u0308r\u00a0zula\u0308ssige\u00a0gesetzliche Zwecke erforderlich sind, erfolgt eine\u00a0Einschra\u0308nkung\u00a0der Datenverarbeitung. In diesem Fall werden die Daten gesperrt und nicht\u00a0fu\u0308r andere Zwecke verarbeitet.\u00a0<\/p>\n\n\n\n<h3 class=\"wp-block-heading\">Widerspruchsrecht\u00a0<\/h3>\n\n\n\n<p>Nutzer dieser Webseite&nbsp;ko\u0308nnen&nbsp;von ihrem Widerspruchsrecht Gebrauch machen und der Verarbeitung ihrer personenbezogenen Daten zu jeder Zeit widersprechen.&nbsp;<\/p>\n\n\n\n<p>Wenn Sie eine Berichtigung, Sperrung, Lo\u0308schung&nbsp;oder Auskunft u\u0308ber&nbsp;die zu Ihrer Person gespeicherten personenbezogenen Daten&nbsp;wu\u0308nschen&nbsp;oder Fragen bzgl. der Erhebung, Verarbeitung oder Verwendung Ihrer personenbezogenen Daten haben oder erteilte Einwilligungen widerrufen&nbsp;mo\u0308chten, wenden Sie sich bitte an folgende E-Mail-Adresse:&nbsp;<a href=\"mailto:backrehab@humanrx.ch\" target=\"_blank\" rel=\"noreferrer noopener\">backrehab@humanrx.ch<\/a><\/p>\n","protected":false},"excerpt":{"rendered":"Der Inhalt der Website\u00a0www.humanrx.ch\u00a0stellt in keiner Weise Ersatz f\u00fcr\u00a0pers\u00f6nliche\u00a0\u00e4rztliche\u00a0Beratungen oder Behandlungen dar. Wir fordern alle Besucherinnen und Besucher unserer Website auf, bei Gesundheitsproblemen immer einen Arzt zu konsultieren. Wenn Sie\u00a0bez\u00fcglich Ihrer Gesundheit Fragen haben, wenden Sie sich an Ihren Hausarzt. Beginnen,\u00a0ver\u00e4ndern\u00a0oder unterbrechen Sie keine Behandlungen\u00a0eigenst\u00e4ndig\u00a0bzw. ohne R\u00fccksprache\u00a0mit Ihrem Arzt.\u00a0Der Inhalt der Website ist nicht geeignet, [&hellip;]","protected":false},"author":2,"featured_media":0,"parent":0,"menu_order":0,"comment_status":"closed","ping_status":"closed","template":"","meta":{"_acf_changed":false,"_uag_custom_page_level_css":"","advgb_blocks_editor_width":"","advgb_blocks_columns_visual_guide":"","footnotes":""},"class_list":["post-574","page","type-page","status-publish","hentry"],"acf":[],"yoast_head":"<!-- This site is optimized with the Yoast SEO plugin v26.8 - https:\/\/yoast.com\/product\/yoast-seo-wordpress\/ -->\n<title>Privacy Policy - HumanRX<\/title>\n<meta name=\"robots\" content=\"index, follow, max-snippet:-1, max-image-preview:large, max-video-preview:-1\" \/>\n<link rel=\"canonical\" href=\"https:\/\/humanrx.ch\/de\/privacy-policy\/\" \/>\n<meta property=\"og:locale\" content=\"de_DE\" \/>\n<meta property=\"og:type\" content=\"article\" \/>\n<meta property=\"og:title\" content=\"Privacy Policy - HumanRX\" \/>\n<meta property=\"og:description\" content=\"Der Inhalt der Website\u00a0www.humanrx.ch\u00a0stellt in keiner Weise Ersatz f\u00fcr\u00a0pers\u00f6nliche\u00a0\u00e4rztliche\u00a0Beratungen oder Behandlungen dar. Wir fordern alle Besucherinnen und Besucher unserer Website auf, bei Gesundheitsproblemen immer einen Arzt zu konsultieren. Wenn Sie\u00a0bez\u00fcglich Ihrer Gesundheit Fragen haben, wenden Sie sich an Ihren Hausarzt. Beginnen,\u00a0ver\u00e4ndern\u00a0oder unterbrechen Sie keine Behandlungen\u00a0eigenst\u00e4ndig\u00a0bzw. ohne R\u00fccksprache\u00a0mit Ihrem Arzt.\u00a0Der Inhalt der Website ist nicht geeignet, [&hellip;]\" \/>\n<meta property=\"og:url\" content=\"https:\/\/humanrx.ch\/de\/privacy-policy\/\" \/>\n<meta property=\"og:site_name\" content=\"HumanRX\" \/>\n<meta property=\"article:modified_time\" content=\"2021-03-19T12:09:06+00:00\" \/>\n<meta name=\"twitter:card\" content=\"summary_large_image\" \/>\n<meta name=\"twitter:label1\" content=\"Gesch\u00e4tzte Lesezeit\" \/>\n\t<meta name=\"twitter:data1\" content=\"8\u00a0Minuten\" \/>\n<script type=\"application\/ld+json\" class=\"yoast-schema-graph\">{\"@context\":\"https:\/\/schema.org\",\"@graph\":[{\"@type\":\"WebPage\",\"@id\":\"https:\/\/humanrx.ch\/de\/privacy-policy\/\",\"url\":\"https:\/\/humanrx.ch\/de\/privacy-policy\/\",\"name\":\"Privacy Policy - HumanRX\",\"isPartOf\":{\"@id\":\"https:\/\/humanrx.ch\/de\/#website\"},\"datePublished\":\"2021-03-04T11:40:52+00:00\",\"dateModified\":\"2021-03-19T12:09:06+00:00\",\"breadcrumb\":{\"@id\":\"https:\/\/humanrx.ch\/de\/privacy-policy\/#breadcrumb\"},\"inLanguage\":\"de\",\"potentialAction\":[{\"@type\":\"ReadAction\",\"target\":[\"https:\/\/humanrx.ch\/de\/privacy-policy\/\"]}]},{\"@type\":\"BreadcrumbList\",\"@id\":\"https:\/\/humanrx.ch\/de\/privacy-policy\/#breadcrumb\",\"itemListElement\":[{\"@type\":\"ListItem\",\"position\":1,\"name\":\"Home\",\"item\":\"https:\/\/humanrx.ch\/de\/home\/\"},{\"@type\":\"ListItem\",\"position\":2,\"name\":\"Privacy Policy\"}]},{\"@type\":\"WebSite\",\"@id\":\"https:\/\/humanrx.ch\/de\/#website\",\"url\":\"https:\/\/humanrx.ch\/de\/\",\"name\":\"HumanRX\",\"description\":\"\",\"publisher\":{\"@id\":\"https:\/\/humanrx.ch\/de\/#organization\"},\"potentialAction\":[{\"@type\":\"SearchAction\",\"target\":{\"@type\":\"EntryPoint\",\"urlTemplate\":\"https:\/\/humanrx.ch\/de\/?s={search_term_string}\"},\"query-input\":{\"@type\":\"PropertyValueSpecification\",\"valueRequired\":true,\"valueName\":\"search_term_string\"}}],\"inLanguage\":\"de\"},{\"@type\":\"Organization\",\"@id\":\"https:\/\/humanrx.ch\/de\/#organization\",\"name\":\"HumanRX\",\"url\":\"https:\/\/humanrx.ch\/de\/\",\"logo\":{\"@type\":\"ImageObject\",\"inLanguage\":\"de\",\"@id\":\"https:\/\/humanrx.ch\/de\/#\/schema\/logo\/image\/\",\"url\":\"https:\/\/humanrx.ch\/wp-content\/uploads\/2021\/03\/HumanRx_logo_black.svg\",\"contentUrl\":\"https:\/\/humanrx.ch\/wp-content\/uploads\/2021\/03\/HumanRx_logo_black.svg\",\"width\":181,\"height\":47,\"caption\":\"HumanRX\"},\"image\":{\"@id\":\"https:\/\/humanrx.ch\/de\/#\/schema\/logo\/image\/\"}}]}<\/script>\n<!-- \/ Yoast SEO plugin. -->","yoast_head_json":{"title":"Privacy Policy - HumanRX","robots":{"index":"index","follow":"follow","max-snippet":"max-snippet:-1","max-image-preview":"max-image-preview:large","max-video-preview":"max-video-preview:-1"},"canonical":"https:\/\/humanrx.ch\/de\/privacy-policy\/","og_locale":"de_DE","og_type":"article","og_title":"Privacy Policy - HumanRX","og_description":"Der Inhalt der Website\u00a0www.humanrx.ch\u00a0stellt in keiner Weise Ersatz f\u00fcr\u00a0pers\u00f6nliche\u00a0\u00e4rztliche\u00a0Beratungen oder Behandlungen dar. Wir fordern alle Besucherinnen und Besucher unserer Website auf, bei Gesundheitsproblemen immer einen Arzt zu konsultieren. Wenn Sie\u00a0bez\u00fcglich Ihrer Gesundheit Fragen haben, wenden Sie sich an Ihren Hausarzt. Beginnen,\u00a0ver\u00e4ndern\u00a0oder unterbrechen Sie keine Behandlungen\u00a0eigenst\u00e4ndig\u00a0bzw. ohne R\u00fccksprache\u00a0mit Ihrem Arzt.\u00a0Der Inhalt der Website ist nicht geeignet, [&hellip;]","og_url":"https:\/\/humanrx.ch\/de\/privacy-policy\/","og_site_name":"HumanRX","article_modified_time":"2021-03-19T12:09:06+00:00","twitter_card":"summary_large_image","twitter_misc":{"Gesch\u00e4tzte Lesezeit":"8\u00a0Minuten"},"schema":{"@context":"https:\/\/schema.org","@graph":[{"@type":"WebPage","@id":"https:\/\/humanrx.ch\/de\/privacy-policy\/","url":"https:\/\/humanrx.ch\/de\/privacy-policy\/","name":"Privacy Policy - HumanRX","isPartOf":{"@id":"https:\/\/humanrx.ch\/de\/#website"},"datePublished":"2021-03-04T11:40:52+00:00","dateModified":"2021-03-19T12:09:06+00:00","breadcrumb":{"@id":"https:\/\/humanrx.ch\/de\/privacy-policy\/#breadcrumb"},"inLanguage":"de","potentialAction":[{"@type":"ReadAction","target":["https:\/\/humanrx.ch\/de\/privacy-policy\/"]}]},{"@type":"BreadcrumbList","@id":"https:\/\/humanrx.ch\/de\/privacy-policy\/#breadcrumb","itemListElement":[{"@type":"ListItem","position":1,"name":"Home","item":"https:\/\/humanrx.ch\/de\/home\/"},{"@type":"ListItem","position":2,"name":"Privacy Policy"}]},{"@type":"WebSite","@id":"https:\/\/humanrx.ch\/de\/#website","url":"https:\/\/humanrx.ch\/de\/","name":"HumanRX","description":"","publisher":{"@id":"https:\/\/humanrx.ch\/de\/#organization"},"potentialAction":[{"@type":"SearchAction","target":{"@type":"EntryPoint","urlTemplate":"https:\/\/humanrx.ch\/de\/?s={search_term_string}"},"query-input":{"@type":"PropertyValueSpecification","valueRequired":true,"valueName":"search_term_string"}}],"inLanguage":"de"},{"@type":"Organization","@id":"https:\/\/humanrx.ch\/de\/#organization","name":"HumanRX","url":"https:\/\/humanrx.ch\/de\/","logo":{"@type":"ImageObject","inLanguage":"de","@id":"https:\/\/humanrx.ch\/de\/#\/schema\/logo\/image\/","url":"https:\/\/humanrx.ch\/wp-content\/uploads\/2021\/03\/HumanRx_logo_black.svg","contentUrl":"https:\/\/humanrx.ch\/wp-content\/uploads\/2021\/03\/HumanRx_logo_black.svg","width":181,"height":47,"caption":"HumanRX"},"image":{"@id":"https:\/\/humanrx.ch\/de\/#\/schema\/logo\/image\/"}}]}},"uagb_featured_image_src":{"full":false,"thumbnail":false,"medium":false,"medium_large":false,"large":false,"1536x1536":false,"2048x2048":false,"blog_thumb":false},"uagb_author_info":{"display_name":"reaktiiv-hu","author_link":"https:\/\/humanrx.ch\/de\/author\/reaktiiv-hu\/"},"uagb_comment_info":0,"uagb_excerpt":"Der Inhalt der Website\u00a0www.humanrx.ch\u00a0stellt in keiner Weise Ersatz f\u00fcr\u00a0pers\u00f6nliche\u00a0\u00e4rztliche\u00a0Beratungen oder Behandlungen dar. Wir fordern alle Besucherinnen und Besucher unserer Website auf, bei Gesundheitsproblemen immer einen Arzt zu konsultieren. Wenn Sie\u00a0bez\u00fcglich Ihrer Gesundheit Fragen haben, wenden Sie sich an Ihren Hausarzt. Beginnen,\u00a0ver\u00e4ndern\u00a0oder unterbrechen Sie keine Behandlungen\u00a0eigenst\u00e4ndig\u00a0bzw. ohne R\u00fccksprache\u00a0mit Ihrem Arzt.\u00a0Der Inhalt der Website ist nicht geeignet,&hellip;","coauthors":[],"author_meta":{"author_link":"https:\/\/humanrx.ch\/de\/author\/reaktiiv-hu\/","display_name":"reaktiiv-hu"},"relative_dates":{"created":"Ver\u00f6ffentlicht 5\u00a0Jahren vor","modified":"Aktualisiert 5\u00a0Jahren vor"},"absolute_dates":{"created":"Ver\u00f6ffentlicht am 4. M\u00e4rz 2021","modified":"Aktualisiert am 19. M\u00e4rz 2021"},"absolute_dates_time":{"created":"Ver\u00f6ffentlicht am 4. M\u00e4rz 2021 14:40","modified":"Aktualisiert am 19. M\u00e4rz 2021 15:09"},"featured_img_caption":"","featured_img":false,"series_order":"","_links":{"self":[{"href":"https:\/\/humanrx.ch\/de\/wp-json\/wp\/v2\/pages\/574","targetHints":{"allow":["GET"]}}],"collection":[{"href":"https:\/\/humanrx.ch\/de\/wp-json\/wp\/v2\/pages"}],"about":[{"href":"https:\/\/humanrx.ch\/de\/wp-json\/wp\/v2\/types\/page"}],"author":[{"embeddable":true,"href":"https:\/\/humanrx.ch\/de\/wp-json\/wp\/v2\/users\/2"}],"replies":[{"embeddable":true,"href":"https:\/\/humanrx.ch\/de\/wp-json\/wp\/v2\/comments?post=574"}],"version-history":[{"count":3,"href":"https:\/\/humanrx.ch\/de\/wp-json\/wp\/v2\/pages\/574\/revisions"}],"predecessor-version":[{"id":592,"href":"https:\/\/humanrx.ch\/de\/wp-json\/wp\/v2\/pages\/574\/revisions\/592"}],"wp:attachment":[{"href":"https:\/\/humanrx.ch\/de\/wp-json\/wp\/v2\/media?parent=574"}],"curies":[{"name":"wp","href":"https:\/\/api.w.org\/{rel}","templated":true}]}}