{"id":571,"date":"2021-03-12T14:21:17","date_gmt":"2021-03-12T11:21:17","guid":{"rendered":"https:\/\/humanrx.ch\/packages\/"},"modified":"2021-03-18T15:19:16","modified_gmt":"2021-03-18T12:19:16","slug":"packages","status":"publish","type":"page","link":"https:\/\/humanrx.ch\/de\/packages\/","title":{"rendered":"Packages"},"content":{"rendered":"    <div id=\"packages-block-block_604b4e9c034b0\" class=\"packages-block container\">\n        <div class=\"row align-items-start\">\n                                            <div class=\"col col-lg-4 col-md-6 col-12 d-flex flex-column\">\n                    <div class=\"package_content\">\n                                                    <h2>Exclusive Package<\/h2>\n                        \n                                                    <h3>6 months UNLIMITED private coaching<\/h3>\n                                                \n                        <div class=\"txt\">\n                                                            <p>The new flagship package of HumanRx is designed for a person with complicated unresolved lower back problems which stop you from working and enjoying daily life. Exclusive package includes UNLIMITED sessions within <strong>6 months<\/strong> meaning you\u2019ll have Martin\u2019s undivided attention as much as it\u2019s really needed. To maintain the highest possible quality Exclusive Package is limited to 2 patients at the same time.<\/p>\n<ul>\n<li><strong>Unlimited<\/strong> \u201cOn Site\u201d Private Coaching<\/li>\n<li>\u201c8h On-Call\u201d<\/li>\n<li>Free Choice of Training Times<\/li>\n<li>Unlimited Rescheduling<\/li>\n<li>Weekly Personalised Training Plans<\/li>\n<li>Unlimited Email Replies<\/li>\n<li>Personalised Exercises Per Video<\/li>\n<\/ul>\n                                                    <\/div>\n                    <\/div>\n                <\/div>\n                                            <div class=\"col col-lg-4 col-md-6 col-12 d-flex flex-column featured\">\n                    <div class=\"package_content\">\n                                                    <h2>Premium Package<\/h2>\n                        \n                                                    <h3>32 Private Coaching Sessions<\/h3>\n                                                \n                        <div class=\"txt\">\n                                                            <p>The Premium package is meant for you if you are still able to work and function but suffering from lower back pain has become big part of your daily life. Generally you would be working privately with Martin 1-2 times a week. For example, it\u2019s an ideal follow up for Exclusive Package or can be used as an entrance package to kick start your lower back rehabilitation at HumanRx. Premium<strong> Package is limited to 5 patients<\/strong> at the same time.<\/p>\n<ul>\n<li>32 \u201cOn Site\u201d Private Coaching sessions within <strong>6 months<\/strong><\/li>\n<li>1 Rescheduling per month free of charge<\/li>\n<li>2 Personalised Training Plans per month<\/li>\n<\/ul>\n                                                    <\/div>\n                    <\/div>\n                <\/div>\n                                            <div class=\"col col-lg-4 col-md-6 col-12 d-flex flex-column\">\n                    <div class=\"package_content\">\n                                                    <h2>Maintenance Package<\/h2>\n                        \n                                                    <h3>8 Semi-Private Coaching Sessions<\/h3>\n                                                \n                        <div class=\"txt\">\n                                                            <p>Maintenance package is for you once we have established a good quality of life and you are capable of maintaining your own prescribed exercise routine but would still benefit from monthly check ups with Martin. <strong>Maintenance Package is limited to 10 patients<\/strong> at the same time.<\/p>\n<ul>\n<li>8 \u201cOn Site\u201d Private Coaching sessions within<strong> 6 months<\/strong><\/li>\n<li>1 Rescheduling per month free of charge.<\/li>\n<\/ul>\n                                                    <\/div>\n                    <\/div>\n                <\/div>\n                    <\/div>\n    <\/div>\n","protected":false},"excerpt":{"rendered":"","protected":false},"author":2,"featured_media":0,"parent":0,"menu_order":0,"comment_status":"closed","ping_status":"closed","template":"","meta":{"_acf_changed":false,"_uag_custom_page_level_css":"","advgb_blocks_editor_width":"","advgb_blocks_columns_visual_guide":"","footnotes":""},"class_list":["post-571","page","type-page","status-publish","hentry"],"acf":[],"yoast_head":"<!-- This site is optimized with the Yoast SEO plugin v26.8 - https:\/\/yoast.com\/product\/yoast-seo-wordpress\/ -->\n<title>Packages - HumanRX<\/title>\n<meta name=\"robots\" content=\"index, follow, max-snippet:-1, max-image-preview:large, max-video-preview:-1\" \/>\n<link rel=\"canonical\" href=\"https:\/\/humanrx.ch\/de\/packages\/\" \/>\n<meta property=\"og:locale\" content=\"de_DE\" \/>\n<meta property=\"og:type\" content=\"article\" \/>\n<meta property=\"og:title\" content=\"Packages - HumanRX\" \/>\n<meta property=\"og:url\" content=\"https:\/\/humanrx.ch\/de\/packages\/\" \/>\n<meta property=\"og:site_name\" content=\"HumanRX\" \/>\n<meta property=\"article:modified_time\" content=\"2021-03-18T12:19:16+00:00\" \/>\n<meta name=\"twitter:card\" content=\"summary_large_image\" \/>\n<script type=\"application\/ld+json\" class=\"yoast-schema-graph\">{\"@context\":\"https:\/\/schema.org\",\"@graph\":[{\"@type\":\"WebPage\",\"@id\":\"https:\/\/humanrx.ch\/de\/packages\/\",\"url\":\"https:\/\/humanrx.ch\/de\/packages\/\",\"name\":\"Packages - HumanRX\",\"isPartOf\":{\"@id\":\"https:\/\/humanrx.ch\/de\/#website\"},\"datePublished\":\"2021-03-12T11:21:17+00:00\",\"dateModified\":\"2021-03-18T12:19:16+00:00\",\"breadcrumb\":{\"@id\":\"https:\/\/humanrx.ch\/de\/packages\/#breadcrumb\"},\"inLanguage\":\"de\",\"potentialAction\":[{\"@type\":\"ReadAction\",\"target\":[\"https:\/\/humanrx.ch\/de\/packages\/\"]}]},{\"@type\":\"BreadcrumbList\",\"@id\":\"https:\/\/humanrx.ch\/de\/packages\/#breadcrumb\",\"itemListElement\":[{\"@type\":\"ListItem\",\"position\":1,\"name\":\"Home\",\"item\":\"https:\/\/humanrx.ch\/de\/home\/\"},{\"@type\":\"ListItem\",\"position\":2,\"name\":\"Packages\"}]},{\"@type\":\"WebSite\",\"@id\":\"https:\/\/humanrx.ch\/de\/#website\",\"url\":\"https:\/\/humanrx.ch\/de\/\",\"name\":\"HumanRX\",\"description\":\"\",\"publisher\":{\"@id\":\"https:\/\/humanrx.ch\/de\/#organization\"},\"potentialAction\":[{\"@type\":\"SearchAction\",\"target\":{\"@type\":\"EntryPoint\",\"urlTemplate\":\"https:\/\/humanrx.ch\/de\/?s={search_term_string}\"},\"query-input\":{\"@type\":\"PropertyValueSpecification\",\"valueRequired\":true,\"valueName\":\"search_term_string\"}}],\"inLanguage\":\"de\"},{\"@type\":\"Organization\",\"@id\":\"https:\/\/humanrx.ch\/de\/#organization\",\"name\":\"HumanRX\",\"url\":\"https:\/\/humanrx.ch\/de\/\",\"logo\":{\"@type\":\"ImageObject\",\"inLanguage\":\"de\",\"@id\":\"https:\/\/humanrx.ch\/de\/#\/schema\/logo\/image\/\",\"url\":\"https:\/\/humanrx.ch\/wp-content\/uploads\/2021\/03\/HumanRx_logo_black.svg\",\"contentUrl\":\"https:\/\/humanrx.ch\/wp-content\/uploads\/2021\/03\/HumanRx_logo_black.svg\",\"width\":181,\"height\":47,\"caption\":\"HumanRX\"},\"image\":{\"@id\":\"https:\/\/humanrx.ch\/de\/#\/schema\/logo\/image\/\"}}]}<\/script>\n<!-- \/ Yoast SEO plugin. -->","yoast_head_json":{"title":"Packages - HumanRX","robots":{"index":"index","follow":"follow","max-snippet":"max-snippet:-1","max-image-preview":"max-image-preview:large","max-video-preview":"max-video-preview:-1"},"canonical":"https:\/\/humanrx.ch\/de\/packages\/","og_locale":"de_DE","og_type":"article","og_title":"Packages - HumanRX","og_url":"https:\/\/humanrx.ch\/de\/packages\/","og_site_name":"HumanRX","article_modified_time":"2021-03-18T12:19:16+00:00","twitter_card":"summary_large_image","schema":{"@context":"https:\/\/schema.org","@graph":[{"@type":"WebPage","@id":"https:\/\/humanrx.ch\/de\/packages\/","url":"https:\/\/humanrx.ch\/de\/packages\/","name":"Packages - HumanRX","isPartOf":{"@id":"https:\/\/humanrx.ch\/de\/#website"},"datePublished":"2021-03-12T11:21:17+00:00","dateModified":"2021-03-18T12:19:16+00:00","breadcrumb":{"@id":"https:\/\/humanrx.ch\/de\/packages\/#breadcrumb"},"inLanguage":"de","potentialAction":[{"@type":"ReadAction","target":["https:\/\/humanrx.ch\/de\/packages\/"]}]},{"@type":"BreadcrumbList","@id":"https:\/\/humanrx.ch\/de\/packages\/#breadcrumb","itemListElement":[{"@type":"ListItem","position":1,"name":"Home","item":"https:\/\/humanrx.ch\/de\/home\/"},{"@type":"ListItem","position":2,"name":"Packages"}]},{"@type":"WebSite","@id":"https:\/\/humanrx.ch\/de\/#website","url":"https:\/\/humanrx.ch\/de\/","name":"HumanRX","description":"","publisher":{"@id":"https:\/\/humanrx.ch\/de\/#organization"},"potentialAction":[{"@type":"SearchAction","target":{"@type":"EntryPoint","urlTemplate":"https:\/\/humanrx.ch\/de\/?s={search_term_string}"},"query-input":{"@type":"PropertyValueSpecification","valueRequired":true,"valueName":"search_term_string"}}],"inLanguage":"de"},{"@type":"Organization","@id":"https:\/\/humanrx.ch\/de\/#organization","name":"HumanRX","url":"https:\/\/humanrx.ch\/de\/","logo":{"@type":"ImageObject","inLanguage":"de","@id":"https:\/\/humanrx.ch\/de\/#\/schema\/logo\/image\/","url":"https:\/\/humanrx.ch\/wp-content\/uploads\/2021\/03\/HumanRx_logo_black.svg","contentUrl":"https:\/\/humanrx.ch\/wp-content\/uploads\/2021\/03\/HumanRx_logo_black.svg","width":181,"height":47,"caption":"HumanRX"},"image":{"@id":"https:\/\/humanrx.ch\/de\/#\/schema\/logo\/image\/"}}]}},"uagb_featured_image_src":{"full":false,"thumbnail":false,"medium":false,"medium_large":false,"large":false,"1536x1536":false,"2048x2048":false,"blog_thumb":false},"uagb_author_info":{"display_name":"reaktiiv-hu","author_link":"https:\/\/humanrx.ch\/de\/author\/reaktiiv-hu\/"},"uagb_comment_info":0,"uagb_excerpt":null,"coauthors":[],"author_meta":{"author_link":"https:\/\/humanrx.ch\/de\/author\/reaktiiv-hu\/","display_name":"reaktiiv-hu"},"relative_dates":{"created":"Ver\u00f6ffentlicht 5\u00a0Jahren vor","modified":"Aktualisiert 5\u00a0Jahren vor"},"absolute_dates":{"created":"Ver\u00f6ffentlicht am 12. M\u00e4rz 2021","modified":"Aktualisiert am 18. M\u00e4rz 2021"},"absolute_dates_time":{"created":"Ver\u00f6ffentlicht am 12. M\u00e4rz 2021 14:21","modified":"Aktualisiert am 18. M\u00e4rz 2021 15:19"},"featured_img_caption":"","featured_img":false,"series_order":"","_links":{"self":[{"href":"https:\/\/humanrx.ch\/de\/wp-json\/wp\/v2\/pages\/571","targetHints":{"allow":["GET"]}}],"collection":[{"href":"https:\/\/humanrx.ch\/de\/wp-json\/wp\/v2\/pages"}],"about":[{"href":"https:\/\/humanrx.ch\/de\/wp-json\/wp\/v2\/types\/page"}],"author":[{"embeddable":true,"href":"https:\/\/humanrx.ch\/de\/wp-json\/wp\/v2\/users\/2"}],"replies":[{"embeddable":true,"href":"https:\/\/humanrx.ch\/de\/wp-json\/wp\/v2\/comments?post=571"}],"version-history":[{"count":1,"href":"https:\/\/humanrx.ch\/de\/wp-json\/wp\/v2\/pages\/571\/revisions"}],"predecessor-version":[{"id":572,"href":"https:\/\/humanrx.ch\/de\/wp-json\/wp\/v2\/pages\/571\/revisions\/572"}],"wp:attachment":[{"href":"https:\/\/humanrx.ch\/de\/wp-json\/wp\/v2\/media?parent=571"}],"curies":[{"name":"wp","href":"https:\/\/api.w.org\/{rel}","templated":true}]}}