{"id":514,"date":"2021-03-04T14:50:02","date_gmt":"2021-03-04T11:50:02","guid":{"rendered":"https:\/\/humanrx.ch\/about-humanrx\/"},"modified":"2024-08-14T10:15:32","modified_gmt":"2024-08-14T07:15:32","slug":"uber-humanrx","status":"publish","type":"page","link":"https:\/\/humanrx.ch\/de\/uber-humanrx\/","title":{"rendered":"\u00dcber HumanRx"},"content":{"rendered":"    <div id=\"quote-block-block_6040cb34cbd28\" class=\"quote-block container fade-in-up\">\n        <div class=\"row\">\n            <div class=\"col\">\n                <div class=\"quote_content d-flex flex-column justify-content-center align-items-center\">\n                                            <div class=\"quote d-flex\">\n                            <h2>Komplexe Wirbels\u00e4ulenverletzungen erfordern einen individuell abgestimmten Ansatz bei der Rehabilitation.<\/h2>\n                        <\/div>\n                                                                <p>Martin Kumm \u2013 Sport-Chiropraktiker (UK)* und Spezialist f\u00fcr R\u00fcckenrehabilitation<\/p>\n                                    <\/div>\n            <\/div>\n        <\/div>\n    <\/div>\n\n\n    <div id=\"txt-imgs-block-block_6040d05ec281e\" class=\"txt-imgs-block container fade-in-up\">\n        <div class=\"row\">\n                            <div class=\"col text_content\">\n                    <p>Jahrelang arbeitete ich mit unterschiedlichsten Patienten \u2013 vom B\u00fcroangestellten bis zum Leistungssportler \u2013 die unter R\u00fcckenschmerzen litten. Dabei bemerkte ich zwei kontroverse Fakten: Personen mit scheinbar unkomplizierten Verletzungen kamen immer wieder zur\u00fcck, solche mit komplexeren Verletzungen verbesserten sich kontinuierlich.<\/p>\n<p>Es dauerte nicht lange und ein Muster wurde f\u00fcr mich ersichtlich. Patienten mit unkomplizierten Verletzungen waren nur interessiert an einer Schnellschussl\u00f6sung, weil sich ihre Verletzungen noch nicht zu lebensver\u00e4ndernden Problemen entwickelt hatten.<\/p>\n<p>Auf der anderen Seite waren die Leute mit komplexen Verletzungen. Sie waren pers\u00f6nlich motiviert, den ganzheitlichen Ansatz zu w\u00e4hlen, da sie ihr R\u00fcckenschmerz bereits daran hinderte, ihr Leben vollumf\u00e4nglich zu leben.<\/p>\n<p>Die systematische Entwicklung der Behandlungsmethode f\u00fchrte mich zum Verst\u00e4ndnis, dass <strong>die Geschichte eines jeden Kunden anders ist und daher jeder einen individuell abgestimmten und ganzheitlichen Ansatz braucht, bei dem alle Faktoren, die die R\u00fcckenschmerzen beeinflussen k\u00f6nnen, gr\u00fcndlich analysiert werden<\/strong>. Die HumanRx-Methode war geboren.<\/p>\n<p>HumanRx vereint eine gr\u00fcndliche Analyse der R\u00fcckenschmerzen, Master Assessment genannt, und eine anschliessende Rehabilitationsperiode, welche auf den spezifischen Erkenntnissen des Master Assessments aufbaut. Das Master Assessment ist das umfangreichste R\u00fcckenassessment, das du je machen wirst und dauert normalerweise 3 bis 4 Stunden. Die Untersuchung hat den alleinigen Zweck, die eigentliche Ursache der R\u00fcckenschmerzen zu finden.<\/p>\n<p>Im Vergleich dazu verbringt ein Arzt w\u00e4hrend eines gew\u00f6hnlichen Arzttermins im Durchschnitt nur 5 bis 30 Minuten mit dem Patienten. Davon sind wiederum nur 34 % wirklich dem Patienten gewidmet. Die verbleibenden 66% gehen f\u00fcr administrative Arbeiten drauf.<\/p>\n<p>Als Teil des Master Assessments wird jeder Patient und dessen individuelle Wirbels\u00e4ulenverletzung mit Hilfe von f\u00fcnf verschiedenen Bl\u00f6cken analysiert. Setzt man diese f\u00fcnf Bl\u00f6cke aufeinander, bildet sich eine Performance-S\u00e4ule:<\/p>\n                <\/div>\n                                        <div class=\"col col-lg-6 col-12 images d-flex flex-column\">\n                                                                                    <div class=\"bg-center portrait\" style=\"background-image:url(https:\/\/humanrx.ch\/wp-content\/uploads\/2021\/03\/021-HumanRx-Back-Rehabilitation-Martin-Kumm-web.jpg);\"><\/div>\n                                                                                                    <div class=\"bg-center landscape\" style=\"background-image:url(https:\/\/humanrx.ch\/wp-content\/uploads\/2021\/03\/001-HumanRx-Back-Rehabilitation-Martin-Kumm-web.jpg);\"><\/div>\n                                                    <\/div>\n                    <\/div>\n    <\/div>\n\n\n    <div id=\"line-list-block-block_6040d8461cfcc\" class=\"line-list-block container\">\n        <div class=\"row line_list align-items-center\">\n            <div class=\"col col-md-6 col-12 left_items d-flex flex-column\">\n                                                        <div class=\"d-flex flex-column item d-flex flex-column\">\n                        <div class=\"title d-flex align-items-center justify-content-end\">\n                                                            <h3>Biomechanik<\/h3>\n                                                                                        <div class=\"img_container\">\n                                    <img decoding=\"async\" src=\"https:\/\/humanrx.ch\/wp-content\/uploads\/2021\/03\/Group-7.svg\" alt=\"Biomechanics\">\n                                <\/div>\n                                                        <span class=\"item_line fade-in-up\"><\/span>\n                        <\/div>\n                                                    <p>Stelle dir vor, ein zweij\u00e4hriges Kleinkind vom Boden hochzuheben oder sechs Stunden in einem B\u00fcrostuhl zu sitzen. Solche Aktivit\u00e4ten ein- oder zweimal durchgef\u00fchrt, werden wahrscheinlich sehr kleine Konsequenzen f\u00fcr deinen R\u00fccken haben. Wenn diese Aktivit\u00e4ten aber hunderte oder tausende Male wiederholt werden, kann das Schmerzen in deinem R\u00fccken verursachen. Klicke hier, um mehr dar\u00fcber zu lesen, wie deine t\u00e4glichen Gewohnheiten mit deinen R\u00fcckenschmerzen im Zusammenhang stehen k\u00f6nnten.<\/p>\n                                            <\/div>\n                                                        <div class=\"d-flex flex-column item d-flex flex-column\">\n                        <div class=\"title d-flex align-items-center justify-content-end\">\n                                                            <h3>Athletik<\/h3>\n                                                                                        <div class=\"img_container\">\n                                    <img decoding=\"async\" src=\"https:\/\/humanrx.ch\/wp-content\/uploads\/2021\/03\/Group-10.svg\" alt=\"Athleticism\">\n                                <\/div>\n                                                        <span class=\"item_line fade-in-up\"><\/span>\n                        <\/div>\n                                                    <p>Stelle dir eine Angelrute vor. Wenn du sie in der Mitte durchdr\u00fcckst, biegt sie sich, richtig? Gem\u00e4ss Forschung w\u00fcrde eine menschliche Wirbels\u00e4ule ohne die dazugeh\u00f6rigen Muskeln, welche wie ein Drahtseilsystem die Wirbels\u00e4ule unterst\u00fctzen, bei einer Belastung von nur 6 kg zusammenbrechen. Der menschliche Kopf wiegt beispielsweise etwa 5 kg. Daher wird die Spannkraft deines Muskelsystems zusammen mit der Anwendung wirbels\u00e4ulenschonender Bewegungsmuster sehr wichtig. \r\n<\/br>\r\nKlicke hier, um mehr dar\u00fcber zu erfahren, wie allt\u00e4gliche T\u00e4tigkeiten deine R\u00fcckenschmerzen beeinflussen k\u00f6nnen.<\/p>\n                                            <\/div>\n                                                        <div class=\"d-flex flex-column item d-flex flex-column\">\n                        <div class=\"title d-flex align-items-center justify-content-end\">\n                                                            <h3>Ern\u00e4hrung<\/h3>\n                                                                                        <div class=\"img_container\">\n                                    <img decoding=\"async\" src=\"https:\/\/humanrx.ch\/wp-content\/uploads\/2021\/03\/Group-11.svg\" alt=\"nutrition\">\n                                <\/div>\n                                                        <span class=\"item_line fade-in-up\"><\/span>\n                        <\/div>\n                                                    <p>Hast du schon mal etwas \u00fcber entz\u00fcndungshemmende und entz\u00fcndungsf\u00f6rdernde Lebensmittel geh\u00f6rt? Vereinfacht gesagt <strong>f\u00f6rdern entz\u00fcndungshemmende Lebensmittel den Heilungsprozess, bilden und reparieren Muskeln, Knochen, Gelenke und das Nervensystem<\/strong>. Entz\u00fcndungsf\u00f6rdernde Lebensmittel hingegen erh\u00f6hen die \u00dcberempfindlichkeit des Nervensystems und verschlimmern darum auch deine R\u00fcckenschmerzen. <\/p>\n                                            <\/div>\n                            <\/div>\n            <span class=\"center_line fade-in-up\"><\/span>\n            <div class=\"col col-md-6 col-12 right_items d-flex flex-column\">\n                                                        <div class=\"item d-flex flex-column\">\n                        <div class=\"title d-flex align-items-center justify-content-start\">\n                            <span class=\"item_line fade-in-up\"><\/span>\n                                                            <div class=\"img_container\">\n                                    <img decoding=\"async\" src=\"https:\/\/humanrx.ch\/wp-content\/uploads\/2021\/03\/Group-9.svg\" alt=\"General Health\">\n                                <\/div>\n                                                                                        <h3>Allgemeine Gesundheit<\/h3>\n                                                    <\/div>\n                                                    <p>Als allererstes ist es extrem wichtig, all die m\u00f6glichen Warnsignale anderer Krankheiten, welche sich als R\u00fcckenschmerzen zeigen k\u00f6nnen, auszuschliessen (z.B. Erb-, Autoimmun- und chronische Krankheiten). Nun stelle dir vor, nur 3\u2019000 bis 4\u2019000 Schritte pro Tag zu machen. Ein reduzierter t\u00e4glicher Aktivit\u00e4tslevel hat einen Einfluss auf dein Herzkreislaufsystem und hat daher auch Auswirkungen auf deine R\u00fcckenschmerzen. <\/p>\n                                            <\/div>\n                                                        <div class=\"item d-flex flex-column\">\n                        <div class=\"title d-flex align-items-center justify-content-start\">\n                            <span class=\"item_line fade-in-up\"><\/span>\n                                                            <div class=\"img_container\">\n                                    <img decoding=\"async\" src=\"https:\/\/humanrx.ch\/wp-content\/uploads\/2021\/03\/Stroke-192.svg\" alt=\"Sleep\">\n                                <\/div>\n                                                                                        <h3>Schlaf<\/h3>\n                                                    <\/div>\n                                                    <p>Hast du schon einmal \u00fcberlegt, warum deine R\u00fcckenschmerzen w\u00e4hrend stressiger Phasen in deinem Leben wahrscheinlich eher aufflammen? Wie hast du w\u00e4hrend dieser Phasen geschlafen? Weniger Stunden? Vermehrtes Aufwachen? Weniger ausgeruht am Morgen? \r\n<\/br>\r\nEin gesunder Schlafzeitplan steht in direktem Zusammenhang zu R\u00fcckenschmerzen. Nur w\u00e4hrend des Schlafs k\u00f6nnen von allt\u00e4glichen Aktivit\u00e4ten stammende Mikroverletzungen heilen. Zus\u00e4tzlich kann eine schlechte Schlafroutine zu einem Dominoeffekt f\u00fchren sowohl f\u00fcr das menschliche Gehirn wie auch f\u00fcr das neuromuskul\u00e4re System. \r\n<\/br>\r\nLese hier mehr dar\u00fcber, wie wichtig ein gesunder Schlafrhythmus bei R\u00fcckenschmerzen ist.<\/p>\n                                            <\/div>\n                            <\/div>\n        <\/div>\n    <\/div>\n\n\n    <div id=\"brown-bg-button-block-block_6040e4adfb494\" class=\"brown-bg-button-block\">\n        <div class=\"container\">\n                            <div class=\"row block_text justify-content-center align-items-center\">\n                    <div class=\"col-12\">\n                        <h2>Willst du mit mir zusammenarbeiten?<\/h2>\n                    <\/div>\n                <\/div>\n                                    <div class=\"row justify-content-center align-items-center\">\n                <div class=\"col-12\">\n                    <a class=\"btn white\" href=\"https:\/\/humanrx.ch\/de\/arbeite-mit-mir-zusammen\/\"><span>Buche deinen kostenlosen 15-min\u00fctigen Anruf<\/span><\/a>\n                <\/div>\n            <\/div>\n                    <\/div>\n    <\/div>\n","protected":false},"excerpt":{"rendered":"","protected":false},"author":2,"featured_media":0,"parent":0,"menu_order":0,"comment_status":"closed","ping_status":"closed","template":"page-templates\/template-about-us.php","meta":{"_acf_changed":false,"_uag_custom_page_level_css":"","advgb_blocks_editor_width":"","advgb_blocks_columns_visual_guide":"","footnotes":""},"class_list":["post-514","page","type-page","status-publish","hentry"],"acf":[],"yoast_head":"<!-- This site is optimized with the Yoast SEO plugin v26.8 - https:\/\/yoast.com\/product\/yoast-seo-wordpress\/ -->\n<title>HumanRx - Personalisierte Rehabilitation f\u00fcr R\u00fcckenschmerzen<\/title>\n<meta name=\"description\" content=\"Treffen Sie Martin Kumm, einen Spezialisten f\u00fcr R\u00fcckenschmerzen. Entdecken Sie unseren individuellen und ganzheitlichen Ansatz zur Linderung von R\u00fcckenschmerzen.\" \/>\n<meta name=\"robots\" content=\"index, follow, max-snippet:-1, max-image-preview:large, max-video-preview:-1\" \/>\n<link rel=\"canonical\" href=\"https:\/\/humanrx.ch\/de\/uber-humanrx\/\" \/>\n<meta property=\"og:locale\" content=\"de_DE\" \/>\n<meta property=\"og:type\" content=\"article\" \/>\n<meta property=\"og:title\" content=\"HumanRx - Personalisierte Rehabilitation f\u00fcr R\u00fcckenschmerzen\" \/>\n<meta property=\"og:description\" content=\"Treffen Sie Martin Kumm, einen Spezialisten f\u00fcr R\u00fcckenschmerzen. Entdecken Sie unseren individuellen und ganzheitlichen Ansatz zur Linderung von R\u00fcckenschmerzen.\" \/>\n<meta property=\"og:url\" content=\"https:\/\/humanrx.ch\/de\/uber-humanrx\/\" \/>\n<meta property=\"og:site_name\" content=\"HumanRX\" \/>\n<meta property=\"article:modified_time\" content=\"2024-08-14T07:15:32+00:00\" \/>\n<meta name=\"twitter:card\" content=\"summary_large_image\" \/>\n<script type=\"application\/ld+json\" class=\"yoast-schema-graph\">{\"@context\":\"https:\/\/schema.org\",\"@graph\":[{\"@type\":\"WebPage\",\"@id\":\"https:\/\/humanrx.ch\/de\/uber-humanrx\/\",\"url\":\"https:\/\/humanrx.ch\/de\/uber-humanrx\/\",\"name\":\"HumanRx - Personalisierte Rehabilitation f\u00fcr R\u00fcckenschmerzen\",\"isPartOf\":{\"@id\":\"https:\/\/humanrx.ch\/de\/#website\"},\"datePublished\":\"2021-03-04T11:50:02+00:00\",\"dateModified\":\"2024-08-14T07:15:32+00:00\",\"description\":\"Treffen Sie Martin Kumm, einen Spezialisten f\u00fcr R\u00fcckenschmerzen. Entdecken Sie unseren individuellen und ganzheitlichen Ansatz zur Linderung von R\u00fcckenschmerzen.\",\"breadcrumb\":{\"@id\":\"https:\/\/humanrx.ch\/de\/uber-humanrx\/#breadcrumb\"},\"inLanguage\":\"de\",\"potentialAction\":[{\"@type\":\"ReadAction\",\"target\":[\"https:\/\/humanrx.ch\/de\/uber-humanrx\/\"]}]},{\"@type\":\"BreadcrumbList\",\"@id\":\"https:\/\/humanrx.ch\/de\/uber-humanrx\/#breadcrumb\",\"itemListElement\":[{\"@type\":\"ListItem\",\"position\":1,\"name\":\"Home\",\"item\":\"https:\/\/humanrx.ch\/de\/home\/\"},{\"@type\":\"ListItem\",\"position\":2,\"name\":\"\u00dcber HumanRx\"}]},{\"@type\":\"WebSite\",\"@id\":\"https:\/\/humanrx.ch\/de\/#website\",\"url\":\"https:\/\/humanrx.ch\/de\/\",\"name\":\"HumanRX\",\"description\":\"\",\"publisher\":{\"@id\":\"https:\/\/humanrx.ch\/de\/#organization\"},\"potentialAction\":[{\"@type\":\"SearchAction\",\"target\":{\"@type\":\"EntryPoint\",\"urlTemplate\":\"https:\/\/humanrx.ch\/de\/?s={search_term_string}\"},\"query-input\":{\"@type\":\"PropertyValueSpecification\",\"valueRequired\":true,\"valueName\":\"search_term_string\"}}],\"inLanguage\":\"de\"},{\"@type\":\"Organization\",\"@id\":\"https:\/\/humanrx.ch\/de\/#organization\",\"name\":\"HumanRX\",\"url\":\"https:\/\/humanrx.ch\/de\/\",\"logo\":{\"@type\":\"ImageObject\",\"inLanguage\":\"de\",\"@id\":\"https:\/\/humanrx.ch\/de\/#\/schema\/logo\/image\/\",\"url\":\"https:\/\/humanrx.ch\/wp-content\/uploads\/2021\/03\/HumanRx_logo_black.svg\",\"contentUrl\":\"https:\/\/humanrx.ch\/wp-content\/uploads\/2021\/03\/HumanRx_logo_black.svg\",\"width\":181,\"height\":47,\"caption\":\"HumanRX\"},\"image\":{\"@id\":\"https:\/\/humanrx.ch\/de\/#\/schema\/logo\/image\/\"}}]}<\/script>\n<!-- \/ Yoast SEO plugin. -->","yoast_head_json":{"title":"HumanRx - Personalisierte Rehabilitation f\u00fcr R\u00fcckenschmerzen","description":"Treffen Sie Martin Kumm, einen Spezialisten f\u00fcr R\u00fcckenschmerzen. Entdecken Sie unseren individuellen und ganzheitlichen Ansatz zur Linderung von R\u00fcckenschmerzen.","robots":{"index":"index","follow":"follow","max-snippet":"max-snippet:-1","max-image-preview":"max-image-preview:large","max-video-preview":"max-video-preview:-1"},"canonical":"https:\/\/humanrx.ch\/de\/uber-humanrx\/","og_locale":"de_DE","og_type":"article","og_title":"HumanRx - Personalisierte Rehabilitation f\u00fcr R\u00fcckenschmerzen","og_description":"Treffen Sie Martin Kumm, einen Spezialisten f\u00fcr R\u00fcckenschmerzen. Entdecken Sie unseren individuellen und ganzheitlichen Ansatz zur Linderung von R\u00fcckenschmerzen.","og_url":"https:\/\/humanrx.ch\/de\/uber-humanrx\/","og_site_name":"HumanRX","article_modified_time":"2024-08-14T07:15:32+00:00","twitter_card":"summary_large_image","schema":{"@context":"https:\/\/schema.org","@graph":[{"@type":"WebPage","@id":"https:\/\/humanrx.ch\/de\/uber-humanrx\/","url":"https:\/\/humanrx.ch\/de\/uber-humanrx\/","name":"HumanRx - Personalisierte Rehabilitation f\u00fcr R\u00fcckenschmerzen","isPartOf":{"@id":"https:\/\/humanrx.ch\/de\/#website"},"datePublished":"2021-03-04T11:50:02+00:00","dateModified":"2024-08-14T07:15:32+00:00","description":"Treffen Sie Martin Kumm, einen Spezialisten f\u00fcr R\u00fcckenschmerzen. Entdecken Sie unseren individuellen und ganzheitlichen Ansatz zur Linderung von R\u00fcckenschmerzen.","breadcrumb":{"@id":"https:\/\/humanrx.ch\/de\/uber-humanrx\/#breadcrumb"},"inLanguage":"de","potentialAction":[{"@type":"ReadAction","target":["https:\/\/humanrx.ch\/de\/uber-humanrx\/"]}]},{"@type":"BreadcrumbList","@id":"https:\/\/humanrx.ch\/de\/uber-humanrx\/#breadcrumb","itemListElement":[{"@type":"ListItem","position":1,"name":"Home","item":"https:\/\/humanrx.ch\/de\/home\/"},{"@type":"ListItem","position":2,"name":"\u00dcber HumanRx"}]},{"@type":"WebSite","@id":"https:\/\/humanrx.ch\/de\/#website","url":"https:\/\/humanrx.ch\/de\/","name":"HumanRX","description":"","publisher":{"@id":"https:\/\/humanrx.ch\/de\/#organization"},"potentialAction":[{"@type":"SearchAction","target":{"@type":"EntryPoint","urlTemplate":"https:\/\/humanrx.ch\/de\/?s={search_term_string}"},"query-input":{"@type":"PropertyValueSpecification","valueRequired":true,"valueName":"search_term_string"}}],"inLanguage":"de"},{"@type":"Organization","@id":"https:\/\/humanrx.ch\/de\/#organization","name":"HumanRX","url":"https:\/\/humanrx.ch\/de\/","logo":{"@type":"ImageObject","inLanguage":"de","@id":"https:\/\/humanrx.ch\/de\/#\/schema\/logo\/image\/","url":"https:\/\/humanrx.ch\/wp-content\/uploads\/2021\/03\/HumanRx_logo_black.svg","contentUrl":"https:\/\/humanrx.ch\/wp-content\/uploads\/2021\/03\/HumanRx_logo_black.svg","width":181,"height":47,"caption":"HumanRX"},"image":{"@id":"https:\/\/humanrx.ch\/de\/#\/schema\/logo\/image\/"}}]}},"uagb_featured_image_src":{"full":false,"thumbnail":false,"medium":false,"medium_large":false,"large":false,"1536x1536":false,"2048x2048":false,"blog_thumb":false},"uagb_author_info":{"display_name":"reaktiiv-hu","author_link":"https:\/\/humanrx.ch\/de\/author\/reaktiiv-hu\/"},"uagb_comment_info":0,"uagb_excerpt":null,"coauthors":[],"author_meta":{"author_link":"https:\/\/humanrx.ch\/de\/author\/reaktiiv-hu\/","display_name":"reaktiiv-hu"},"relative_dates":{"created":"Ver\u00f6ffentlicht 5\u00a0Jahren vor","modified":"Aktualisiert 2\u00a0Jahren vor"},"absolute_dates":{"created":"Ver\u00f6ffentlicht am 4. M\u00e4rz 2021","modified":"Aktualisiert am 14. August 2024"},"absolute_dates_time":{"created":"Ver\u00f6ffentlicht am 4. M\u00e4rz 2021 14:50","modified":"Aktualisiert am 14. August 2024 10:15"},"featured_img_caption":"","featured_img":false,"series_order":"","_links":{"self":[{"href":"https:\/\/humanrx.ch\/de\/wp-json\/wp\/v2\/pages\/514","targetHints":{"allow":["GET"]}}],"collection":[{"href":"https:\/\/humanrx.ch\/de\/wp-json\/wp\/v2\/pages"}],"about":[{"href":"https:\/\/humanrx.ch\/de\/wp-json\/wp\/v2\/types\/page"}],"author":[{"embeddable":true,"href":"https:\/\/humanrx.ch\/de\/wp-json\/wp\/v2\/users\/2"}],"replies":[{"embeddable":true,"href":"https:\/\/humanrx.ch\/de\/wp-json\/wp\/v2\/comments?post=514"}],"version-history":[{"count":18,"href":"https:\/\/humanrx.ch\/de\/wp-json\/wp\/v2\/pages\/514\/revisions"}],"predecessor-version":[{"id":764,"href":"https:\/\/humanrx.ch\/de\/wp-json\/wp\/v2\/pages\/514\/revisions\/764"}],"wp:attachment":[{"href":"https:\/\/humanrx.ch\/de\/wp-json\/wp\/v2\/media?parent=514"}],"curies":[{"name":"wp","href":"https:\/\/api.w.org\/{rel}","templated":true}]}}